{"id":466,"date":"2022-04-02T09:35:49","date_gmt":"2022-04-02T07:35:49","guid":{"rendered":"https:\/\/landmetzgerei-ziesel.sandland.de\/?page_id=466"},"modified":"2024-02-04T17:23:37","modified_gmt":"2024-02-04T16:23:37","slug":"kontakt","status":"publish","type":"page","link":"https:\/\/landmetzgerei-ziesel.sandland.de\/?page_id=466","title":{"rendered":"Kontakt"},"content":{"rendered":"\n<p>Landmetzgerei Ziesel<br>Petra Ziesel<br>Schillinghof 2<br>73553 Alfdorf<br>Tel.: 07182\/38 08<br>Mail: a.ziesel(\u00e4t)sandland.de<\/p>\n\n\n\n<p>Zust\u00e4ndige Kontrollbeh\u00f6rde \/ Kontrollstelle:<\/p>\n\n\n\n<p>Kontrollgesellschaft \u00f6kologischer Landbau mbH<br>DE-\u00d6KO-022<\/p>\n\n\n\n<p><\/p>\n","protected":false},"excerpt":{"rendered":"<p>Landmetzgerei ZieselPetra ZieselSchillinghof 273553 AlfdorfTel.: 07182\/38 08Mail: a.ziesel(\u00e4t)sandland.de Zust\u00e4ndige Kontrollbeh\u00f6rde \/ Kontrollstelle: Kontrollgesellschaft \u00f6kologischer Landbau mbHDE-\u00d6KO-022<\/p>\n","protected":false},"author":1,"featured_media":0,"parent":0,"menu_order":0,"comment_status":"closed","ping_status":"closed","template":"","meta":{"ngg_post_thumbnail":0,"footnotes":""},"class_list":["post-466","page","type-page","status-publish","hentry"],"_links":{"self":[{"href":"https:\/\/landmetzgerei-ziesel.sandland.de\/index.php?rest_route=\/wp\/v2\/pages\/466","targetHints":{"allow":["GET"]}}],"collection":[{"href":"https:\/\/landmetzgerei-ziesel.sandland.de\/index.php?rest_route=\/wp\/v2\/pages"}],"about":[{"href":"https:\/\/landmetzgerei-ziesel.sandland.de\/index.php?rest_route=\/wp\/v2\/types\/page"}],"author":[{"embeddable":true,"href":"https:\/\/landmetzgerei-ziesel.sandland.de\/index.php?rest_route=\/wp\/v2\/users\/1"}],"replies":[{"embeddable":true,"href":"https:\/\/landmetzgerei-ziesel.sandland.de\/index.php?rest_route=%2Fwp%2Fv2%2Fcomments&post=466"}],"version-history":[{"count":5,"href":"https:\/\/landmetzgerei-ziesel.sandland.de\/index.php?rest_route=\/wp\/v2\/pages\/466\/revisions"}],"predecessor-version":[{"id":719,"href":"https:\/\/landmetzgerei-ziesel.sandland.de\/index.php?rest_route=\/wp\/v2\/pages\/466\/revisions\/719"}],"wp:attachment":[{"href":"https:\/\/landmetzgerei-ziesel.sandland.de\/index.php?rest_route=%2Fwp%2Fv2%2Fmedia&parent=466"}],"curies":[{"name":"wp","href":"https:\/\/api.w.org\/{rel}","templated":true}]}}